{"id":2,"date":"2016-05-10T03:48:21","date_gmt":"2016-05-10T03:48:21","guid":{"rendered":"http:\/\/komisjaarcheologii.poznan.pan.pl\/?page_id=2"},"modified":"2025-04-03T10:31:31","modified_gmt":"2025-04-03T10:31:31","slug":"strona-glowna","status":"publish","type":"page","link":"https:\/\/komisjaarcheologiipoznan.pan.pl\/","title":{"rendered":"Strona g\u0142\u00f3wna"},"content":{"rendered":"\n<figure class=\"wp-block-image aligncenter size-large has-custom-border\" style=\"margin-right:0;margin-left:0\"><img loading=\"lazy\" decoding=\"async\" width=\"1024\" height=\"576\" src=\"https:\/\/komisjaarcheologiipoznan.pan.pl\/wp-content\/uploads\/2025\/04\/baner_arch_glowna_1a-1024x576.png\" alt=\"\" class=\"wp-image-609\" style=\"border-style:none;border-width:0px;border-radius:70px;aspect-ratio:16\/9;object-fit:cover\" srcset=\"https:\/\/komisjaarcheologiipoznan.pan.pl\/wp-content\/uploads\/2025\/04\/baner_arch_glowna_1a-1024x576.png 1024w, https:\/\/komisjaarcheologiipoznan.pan.pl\/wp-content\/uploads\/2025\/04\/baner_arch_glowna_1a-300x169.png 300w, https:\/\/komisjaarcheologiipoznan.pan.pl\/wp-content\/uploads\/2025\/04\/baner_arch_glowna_1a-768x432.png 768w, https:\/\/komisjaarcheologiipoznan.pan.pl\/wp-content\/uploads\/2025\/04\/baner_arch_glowna_1a.png 1280w\" sizes=\"auto, (max-width: 1024px) 100vw, 1024px\" \/><\/figure>\n\n\n\n<p style=\"margin-right:var(--wp--preset--spacing--80);margin-left:var(--wp--preset--spacing--80)\">Szanowni Pa\u0144stwo,<\/p>\n\n\n\n<p class=\"has-text-align-left\" style=\"margin-right:var(--wp--preset--spacing--80);margin-left:var(--wp--preset--spacing--80)\">Intensywny rozw\u00f3j muze\u00f3w w Polsce obserwowany od ponad dw\u00f3ch dekad jest manifestacj\u0105 dynamicznych zmian spo\u0142eczno-kulturowych i wpisuje si\u0119 w trend \u015bwiatowy. Towarzysz\u0105 mu r\u00f3\u017cne formy akademickiej i spo\u0142ecznej refleksji nad tym zjawiskiem, po\u0142\u0105czone z rozwojem studi\u00f3w muzealnych. Rozwa\u017cania o takim charakterze w odniesieniu do muze\u00f3w archeologicznych w Polsce s\u0105 podejmowane bardzo rzadko, co pozostaje w kontra\u015bcie do bada\u0144 prowadzonych w Europie i na \u015bwiecie. Celem planowanej konferencji jest wype\u0142nienie tej luki.<br><br>Organizatorzy s\u0105 przekonani, \u017ce zrozumienie rozwoju muzealnictwa archeologicznego w Polsce jest mo\u017cliwe wy\u0142\u0105cznie poprzez umieszczenie go w perspektywie historycznej naszego kraju, kt\u00f3ra umo\u017cliwia rozpoznanie warunk\u00f3w i mechanizm\u00f3w powstania kolekcji archeologicznych, zar\u00f3wno staro\u017cytnych jak i pradziejowych, w okresie od 2. po\u0142. XIX w. do wsp\u00f3\u0142czesno\u015bci. Planujemy aby podczas konferencji om\u00f3wi\u0107 szereg zagadnie\u0144 zwi\u0105zanych z praktyk\u0105 muzealn\u0105, w tym zasady tworzenia kolekcji oraz sposoby upowszechniania wiedzy o przesz\u0142o\u015bci przez muzea archeologiczne. Wszystkie te zjawiska powinny by\u0107 przedstawione w perspektywie rozwoju my\u015bli archeologicznej w ostatnich 150. latach. W szczeg\u00f3lno\u015bci nale\u017cy oceni\u0107 wp\u0142yw muze\u00f3w na format archeologii akademickiej, konceptualizacje odleg\u0142ej przesz\u0142o\u015bci i metody jej badania. W r\u00f3wnym stopniu podj\u0105\u0107 trzeba zagadnienie wp\u0142ywu zmian paradygmatycznych w archeologii na zmieniaj\u0105ce si\u0119 rozumienie roli muze\u00f3w archeologicznych i ich kolekcji.<\/p>\n\n\n\n<p style=\"margin-right:var(--wp--preset--spacing--80);margin-left:var(--wp--preset--spacing--80)\">Konferencja ma na celu podsumowanie zmian zachodz\u0105cych w polskim muzealnictwie archeologicznym w perspektywie historycznej i okre\u015blenie jego aktualnego stanu wraz z pr\u00f3b\u0105 zarysowania perspektyw na przysz\u0142o\u015b\u0107. Organizatorzy konferencji s\u0105 zainteresowani uj\u0119ciami problemowymi i przekrojowymi, skupionymi na muzeach i kolekcjach archeologicznych. Jako pok\u0142osie konferencji planowana jest monografia zbiorowa, kt\u00f3ra sta\u0107 si\u0119 ma pr\u00f3b\u0105 refleksji nad muzealnictwem archeologicznym i rol\u0105 jak\u0105 odegra\u0142o dla rozwoju polskiej archeologii jako dyscypliny nauki, a szerzej dla kultury i spo\u0142ecze\u0144stwa.<\/p>\n\n\n\n<p style=\"margin-right:var(--wp--preset--spacing--80);margin-left:var(--wp--preset--spacing--80)\">Zapraszamy do wzi\u0119cia udzia\u0142u,<\/p>\n\n\n\n<p class=\"has-text-align-left\" style=\"margin-right:var(--wp--preset--spacing--80);margin-left:var(--wp--preset--spacing--80)\">Organizatorzy: <br>Ewa Bugaj<br>Arkadiusz Marciniak<br>Micha\u0142 Pawleta<\/p>\n\n\n\n<p class=\"has-text-align-center\" style=\"font-size:15px\"><strong>KONFERENCJA DOFINANSOWANA ZE \u015aRODK\u00d3W POLSKIEJ AKADEMII NAUK<\/strong><\/p>\n","protected":false},"excerpt":{"rendered":"<p>Szanowni Pa\u0144stwo, Intensywny rozw\u00f3j muze\u00f3w w Polsce obserwowany od ponad dw\u00f3ch dekad jest manifestacj\u0105 dynamicznych zmian spo\u0142eczno-kulturowych i wpisuje si\u0119 w trend \u015bwiatowy. Towarzysz\u0105 mu r\u00f3\u017cne formy akademickiej i spo\u0142ecznej refleksji nad tym zjawiskiem, po\u0142\u0105czone z rozwojem studi\u00f3w muzealnych. Rozwa\u017cania o takim charakterze w odniesieniu do muze\u00f3w archeologicznych w Polsce s\u0105 podejmowane bardzo rzadko, co [&hellip;]<\/p>\n","protected":false},"author":1,"featured_media":0,"parent":0,"menu_order":0,"comment_status":"closed","ping_status":"closed","template":"","meta":{"zakra_sidebar_layout":"customizer","zakra_remove_content_margin":false,"zakra_sidebar":"customizer","zakra_transparent_header":"customizer","zakra_logo":0,"zakra_main_header_style":"default","zakra_menu_item_color":"","zakra_menu_item_hover_color":"","zakra_menu_item_active_color":"","zakra_menu_active_style":"","zakra_page_header":true,"footnotes":""},"class_list":["post-2","page","type-page","status-publish","hentry"],"_links":{"self":[{"href":"https:\/\/komisjaarcheologiipoznan.pan.pl\/index.php?rest_route=\/wp\/v2\/pages\/2","targetHints":{"allow":["GET"]}}],"collection":[{"href":"https:\/\/komisjaarcheologiipoznan.pan.pl\/index.php?rest_route=\/wp\/v2\/pages"}],"about":[{"href":"https:\/\/komisjaarcheologiipoznan.pan.pl\/index.php?rest_route=\/wp\/v2\/types\/page"}],"author":[{"embeddable":true,"href":"https:\/\/komisjaarcheologiipoznan.pan.pl\/index.php?rest_route=\/wp\/v2\/users\/1"}],"replies":[{"embeddable":true,"href":"https:\/\/komisjaarcheologiipoznan.pan.pl\/index.php?rest_route=%2Fwp%2Fv2%2Fcomments&post=2"}],"version-history":[{"count":99,"href":"https:\/\/komisjaarcheologiipoznan.pan.pl\/index.php?rest_route=\/wp\/v2\/pages\/2\/revisions"}],"predecessor-version":[{"id":610,"href":"https:\/\/komisjaarcheologiipoznan.pan.pl\/index.php?rest_route=\/wp\/v2\/pages\/2\/revisions\/610"}],"wp:attachment":[{"href":"https:\/\/komisjaarcheologiipoznan.pan.pl\/index.php?rest_route=%2Fwp%2Fv2%2Fmedia&parent=2"}],"curies":[{"name":"wp","href":"https:\/\/api.w.org\/{rel}","templated":true}]}}