{"id":167,"date":"2020-07-27T10:24:22","date_gmt":"2020-07-27T10:24:22","guid":{"rendered":"http:\/\/komisjaarcheologii.poznan.pan.pl\/?page_id=167"},"modified":"2025-04-01T10:11:13","modified_gmt":"2025-04-01T10:11:13","slug":"publikacja","status":"publish","type":"page","link":"https:\/\/komisjaarcheologiipoznan.pan.pl\/?page_id=167","title":{"rendered":"Publikacja"},"content":{"rendered":"\n<p>Po konferencji planowana jest publikacja materia\u0142\u00f3w w formie recenzowanej monografii, kt\u00f3rej wydanie przewidziano na drug\u0105 po\u0142ow\u0119 2026 roku, w ramach serii \u201eHoryzonty wsp\u00f3\u0142czesnej archeologii\u201d, wydawanej przez wydawnictwo Universitas z Krakowa. Uprzejmie prosimy o wcze\u015bniejsze poinformowanie nas, czy s\u0105 Pa\u0144stwo zainteresowani opublikowaniem artyku\u0142u w tym tomie.<\/p>\n\n\n\n<p>Wytyczne redakcyjne dla Autor\u00f3w tekst\u00f3w zostan\u0105 przes\u0142ane w p\u00f3\u017aniejszym terminie.<\/p>\n\n\n\n<p><strong>Termin nadsy\u0142ania tekst\u00f3w do publikacji:<\/strong> 31 stycze\u0144 2026 r.<\/p>\n","protected":false},"excerpt":{"rendered":"<p>Po konferencji planowana jest publikacja materia\u0142\u00f3w w formie recenzowanej monografii, kt\u00f3rej wydanie przewidziano na drug\u0105 po\u0142ow\u0119 2026 roku, w ramach serii \u201eHoryzonty wsp\u00f3\u0142czesnej archeologii\u201d, wydawanej przez wydawnictwo Universitas z Krakowa. Uprzejmie prosimy o wcze\u015bniejsze poinformowanie nas, czy s\u0105 Pa\u0144stwo zainteresowani opublikowaniem artyku\u0142u w tym tomie. Wytyczne redakcyjne dla Autor\u00f3w tekst\u00f3w zostan\u0105 przes\u0142ane w p\u00f3\u017aniejszym terminie. [&hellip;]<\/p>\n","protected":false},"author":2,"featured_media":0,"parent":0,"menu_order":0,"comment_status":"closed","ping_status":"closed","template":"","meta":{"zakra_sidebar_layout":"customizer","zakra_remove_content_margin":false,"zakra_sidebar":"customizer","zakra_transparent_header":"customizer","zakra_logo":0,"zakra_main_header_style":"default","zakra_menu_item_color":"","zakra_menu_item_hover_color":"","zakra_menu_item_active_color":"","zakra_menu_active_style":"","zakra_page_header":false,"footnotes":""},"class_list":["post-167","page","type-page","status-publish","hentry"],"_links":{"self":[{"href":"https:\/\/komisjaarcheologiipoznan.pan.pl\/index.php?rest_route=\/wp\/v2\/pages\/167","targetHints":{"allow":["GET"]}}],"collection":[{"href":"https:\/\/komisjaarcheologiipoznan.pan.pl\/index.php?rest_route=\/wp\/v2\/pages"}],"about":[{"href":"https:\/\/komisjaarcheologiipoznan.pan.pl\/index.php?rest_route=\/wp\/v2\/types\/page"}],"author":[{"embeddable":true,"href":"https:\/\/komisjaarcheologiipoznan.pan.pl\/index.php?rest_route=\/wp\/v2\/users\/2"}],"replies":[{"embeddable":true,"href":"https:\/\/komisjaarcheologiipoznan.pan.pl\/index.php?rest_route=%2Fwp%2Fv2%2Fcomments&post=167"}],"version-history":[{"count":5,"href":"https:\/\/komisjaarcheologiipoznan.pan.pl\/index.php?rest_route=\/wp\/v2\/pages\/167\/revisions"}],"predecessor-version":[{"id":563,"href":"https:\/\/komisjaarcheologiipoznan.pan.pl\/index.php?rest_route=\/wp\/v2\/pages\/167\/revisions\/563"}],"wp:attachment":[{"href":"https:\/\/komisjaarcheologiipoznan.pan.pl\/index.php?rest_route=%2Fwp%2Fv2%2Fmedia&parent=167"}],"curies":[{"name":"wp","href":"https:\/\/api.w.org\/{rel}","templated":true}]}}