{"id":158,"date":"2020-07-27T10:06:19","date_gmt":"2020-07-27T10:06:19","guid":{"rendered":"http:\/\/komisjaarcheologii.poznan.pan.pl\/?page_id=158"},"modified":"2025-09-30T09:58:22","modified_gmt":"2025-09-30T09:58:22","slug":"program-2","status":"publish","type":"page","link":"https:\/\/komisjaarcheologiipoznan.pan.pl\/?page_id=158","title":{"rendered":"Program"},"content":{"rendered":"\n<p class=\"has-text-align-center has-luminous-vivid-orange-color has-text-color has-medium-font-size\"><strong>Konferencja \u201eMuzea w dziejach polskiej archeologii\u201d<\/strong><\/p>\n\n\n\n<p class=\"has-text-align-center has-luminous-vivid-orange-color has-text-color has-medium-font-size\">Organizator: Komisja Archeologiczna o. Polskiej Akademii Nauk w Poznaniu Termin: 23-24 pa\u017adziernika 2025 r<\/p>\n\n\n\n<hr class=\"wp-block-separator has-alpha-channel-opacity\"\/>\n\n\n\n<p class=\"has-luminous-vivid-orange-color has-text-color\"><strong>Czwartek, 23 pa\u017adziernika 2025 r.<\/strong><\/p>\n\n\n\n<p><strong>10.00-10.15 &nbsp;&nbsp; Ewa Bugaj, Arkadiusz Marciniak, Micha\u0142 Pawleta<\/strong><br><em>Muzea w dziejach polskiej archeologii:<\/em> <em>wprowadzenie w tematyk\u0119 konferencji<\/em><\/p>\n\n\n\n<p><strong>Cz\u0119\u015b\u0107 I: Pocz\u0105tki kolekcji archeologicznych i polskiego muzealnictwa archeologicznego<\/strong><\/p>\n\n\n\n<p><strong>10.15-10.45 &nbsp;&nbsp; Alfred Twardecki<\/strong><br><em>Od kurioz\u00f3w do katedry. Kolekcjonerstwo i narodziny polskiej archeologii<\/em> <br><strong>10.45-11.05 &nbsp;&nbsp; Jakub Linetty <\/strong><br><em>Od prywatnego kolekcjonerstwa do zbior\u00f3w spo\u0142ecznych w granicach Wielkiego Ksi\u0119stwa Pozna\u0144skiego<\/em> <br><strong>11.05-11.25 &nbsp;&nbsp; Marzena Wo\u017any<\/strong> <br><em>Nie tylko gromadzenie. Znaczenie kolekcji muzealnej dla krakowskich archeolog\u00f3w w XIX wieku<\/em><\/p>\n\n\n\n<p>11.25-11.55&nbsp;&nbsp;&nbsp; Przerwa kawowa<\/p>\n\n\n\n<p><strong>11.55-12.15 &nbsp;&nbsp; Kamila K\u0142udkiewicz<\/strong><br><em>Muzea prehistoryczne w II Rzeczypospolitej. Dyskusje i koncepcje rozwoju muzealnictwa archeologicznego w latach 1918-1939<\/em> <br><strong>12.15-12.35&nbsp;&nbsp;&nbsp; Aldona To\u0142ysz<\/strong><br><em>Badania i zbiory archeologiczne na Wile\u0144szczy\u017anie w dwudziestoleciu mi\u0119dzywojennym \u2013 Muzeum Archeologiczne Uniwersytetu Stefana Batorego<\/em> <em>w Wilnie<\/em> <br><strong>12.35-12.55 &nbsp;&nbsp; Mariusz Kowalewski <\/strong><br><em>Kolej a archeologia. Szczeg\u00f3lne aspekty archeologicznych bada\u0144 powierzchniowych prowadzonych przez pracownik\u00f3w Pa\u0144stwowego Muzeum Archeologicznego w Warszawie w latach 20-lecia mi\u0119dzywojennego<\/em><\/p>\n\n\n\n<p><strong>12.55-13.30&nbsp;&nbsp;&nbsp; Dyskusja<\/strong><\/p>\n\n\n\n<p>13.30-15.00&nbsp;&nbsp;&nbsp; Przerwa obiadowa<\/p>\n\n\n\n<p><strong>Cz\u0119\u015b\u0107 II: Muzea archeologiczne \u2013 konceptualizacje i paradygmaty<\/strong><\/p>\n\n\n\n<p><strong>15.00-15.30&nbsp;&nbsp;&nbsp; Paulina Florjanowicz <\/strong><br><em>\u201eMy Polacy nie potrzebujemy si\u0119 wcale powo\u0142ywa\u0107 na argumenty archeologiczne\u201d \u2013 s\u0142\u00f3w kilka o zaprzepaszczonej szansie archeologii w Polsce<\/em> <br><strong>15.30-15.50 &nbsp;&nbsp; Monika Stobiecka <\/strong><br><em>Archeologia zamkni\u0119ta w marmurze: Galeria Sztuki Staro\u017cytnej w Muzeum Narodowym w Warszawie<\/em> <br><strong>15.50-16.10 &nbsp;&nbsp; Waldemar Ossowski, Joanna D\u0105bal<\/strong> <br><em>Rezerwat, kt\u00f3ry nie powsta\u0142: historia, uwarunkowania i konsekwencje pierwszej koncepcji archeologicznej ekspozycji in situ w Gda\u0144sku<\/em><\/p>\n\n\n\n<p>16.10-16.30 &nbsp;&nbsp; Przerwa kawowa<\/p>\n\n\n\n<p><strong>16.30-16.50 &nbsp;&nbsp; \u0141ukasz A. Czy\u017cewski, Jolanta Sza\u0142kowska-\u0141o\u015b, J\u00f3zef \u0141o\u015b<\/strong> <br><em>Drugie \u017cycie wystaw czasowych. Multimedia immersyjne w zachowaniu epizodycznych wydarze\u0144 muzealnych w przestrzeni kulturowej<\/em> <br><strong>16.50-17.10 &nbsp;&nbsp; Marcin Maciejewski, Julia M. Chyla, Arkadiusz So\u0142tysiak, Wojciech Fenrich, Kamil Filipek, \u0141ukasz Dumiszewski, \u0141ukasz Bownik, Rafa\u0142 \u015acipie\u0144 <\/strong><br><em>RADOGOST Polskie repozytorium danych dla archeolog\u00f3w<\/em> <br><strong>17.10-17.40 &nbsp;&nbsp; Henryk Mamzer <\/strong><br><em>Muzealizacja archeologii jako estetyzacja przesz\u0142o\u015bci<\/em><\/p>\n\n\n\n<p>17.40-18.15 &nbsp;&nbsp; Dyskusja<\/p>\n\n\n\n<p class=\"has-luminous-vivid-orange-color has-text-color has-link-color wp-elements-6ee34eb04ca231da840dae5951b820f3\"><strong>Pi\u0105tek, 24 pa\u017adziernika 2025 r.<\/strong><\/p>\n\n\n\n<p><strong>Cz\u0119\u015b\u0107 III: Muzea archeologiczne i dziedzictwo wobec wsp\u00f3\u0142czesno\u015bci<\/strong><\/p>\n\n\n\n<p><strong>9.30-10.00 &nbsp;&nbsp;&nbsp;&nbsp; Dominik P\u0142aza <\/strong><br><em>Wirtualne, stacjonarne czy naukowe? Muzea archeologiczne jako wsp\u00f3\u0142czesne przestrzenie spo\u0142eczne<\/em> <br><strong>10.00-10.20 &nbsp;&nbsp; Marcin Zdanowski<\/strong> <br><em>Muzeum aktywne, czyli jakie? O spo\u0142ecznej roli muze\u00f3w archeologicznych<\/em> <em>i oczekiwaniach przed nimi stoj\u0105cymi<\/em> <br><strong>10.20-10.40 &nbsp;&nbsp; Micha\u0142 Pawleta, Aleksandra Chabiera <\/strong><br><em>Jak zwiedzamy przesz\u0142o\u015b\u0107? Muzea archeologiczne oczami odwiedzaj\u0105cych<\/em><\/p>\n\n\n\n<p>10.40-11.10&nbsp;&nbsp;&nbsp; Przerwa kawowa<\/p>\n\n\n\n<p><strong>11.10-11.30&nbsp;&nbsp;&nbsp; Agata Macionczyk, Krystyna Jarysz <\/strong><br><em>Rola muze\u00f3w archeologicznych w Polsce \u2014 mi\u0119dzy funkcj\u0105 badawcz\u0105<\/em> <em>a popularyzacj\u0105 dziedzictwa na przyk\u0142adzie Muzeum Archeologicznego<\/em> <em>we Wroc\u0142awiu, Oddzia\u0142u Muzeum Miejskiego Wroc\u0142awia<\/em> <br><strong>11.30-11.50 &nbsp;&nbsp; El\u017cbieta Trela-Kieferling, Maria Gawro\u0144ska <\/strong><br><em>Dziedzictwo i bior\u00f3\u017cnorodno\u015b\u0107. Muzeum archeologiczne wobec wyzwa\u0144 \u015brodowiskowych<\/em> <br><strong>11.50-12.10 &nbsp;&nbsp; Agnieszka Stempin&nbsp;&nbsp;&nbsp;<\/strong><br><em>\u201ePrzekr\u00f3j Poznania\u201d &#8211; Rezerwat Archeologiczny Genius loci na pozna\u0144skim Ostrowie Tumskim<\/em> <br><strong>12.10-12.30 &nbsp;&nbsp; Ma\u0142gorzata Pytlak <\/strong><br><em>Santok &#8211; brama do przesz\u0142o\u015bci, klucz do dziedzictwa. S\u0142\u00f3w par\u0119 o Muzeum Grodu Santok<\/em><\/p>\n\n\n\n<p>12.30-13.00 &nbsp;&nbsp; Dyskusja i podsumowanie<\/p>\n\n\n\n<p class=\"has-black-color has-text-color\">13.00 &nbsp;&nbsp;&nbsp;&nbsp;&nbsp;&nbsp;&nbsp;&nbsp;&nbsp;&nbsp;&nbsp;&nbsp;&nbsp; Obiad<\/p>\n\n\n\n<div class=\"wp-block-buttons is-layout-flex wp-block-buttons-is-layout-flex\">\n<div class=\"wp-block-button\"><a class=\"wp-block-button__link has-white-color has-luminous-vivid-orange-background-color has-text-color has-background has-link-color wp-element-button\" href=\"http:\/\/komisjaarcheologiipoznan.pan.pl\/wp-content\/uploads\/2025\/09\/Muzea-w-dziejach-polskiej-archeologii-program.pdf\">PROGRAM DO POBRANIA<\/a><\/div>\n<\/div>\n\n\n\n<p><\/p>\n","protected":false},"excerpt":{"rendered":"<p>Konferencja \u201eMuzea w dziejach polskiej archeologii\u201d Organizator: Komisja Archeologiczna o. Polskiej Akademii Nauk w Poznaniu Termin: 23-24 pa\u017adziernika 2025 r Czwartek, 23 pa\u017adziernika 2025 r. 10.00-10.15 &nbsp;&nbsp; Ewa Bugaj, Arkadiusz Marciniak, Micha\u0142 PawletaMuzea w dziejach polskiej archeologii: wprowadzenie w tematyk\u0119 konferencji Cz\u0119\u015b\u0107 I: Pocz\u0105tki kolekcji archeologicznych i polskiego muzealnictwa archeologicznego 10.15-10.45 &nbsp;&nbsp; Alfred TwardeckiOd kurioz\u00f3w [&hellip;]<\/p>\n","protected":false},"author":2,"featured_media":0,"parent":0,"menu_order":0,"comment_status":"closed","ping_status":"closed","template":"","meta":{"zakra_sidebar_layout":"customizer","zakra_remove_content_margin":false,"zakra_sidebar":"customizer","zakra_transparent_header":"customizer","zakra_logo":0,"zakra_main_header_style":"default","zakra_menu_item_color":"","zakra_menu_item_hover_color":"","zakra_menu_item_active_color":"","zakra_menu_active_style":"","zakra_page_header":false,"footnotes":""},"class_list":["post-158","page","type-page","status-publish","hentry"],"_links":{"self":[{"href":"https:\/\/komisjaarcheologiipoznan.pan.pl\/index.php?rest_route=\/wp\/v2\/pages\/158","targetHints":{"allow":["GET"]}}],"collection":[{"href":"https:\/\/komisjaarcheologiipoznan.pan.pl\/index.php?rest_route=\/wp\/v2\/pages"}],"about":[{"href":"https:\/\/komisjaarcheologiipoznan.pan.pl\/index.php?rest_route=\/wp\/v2\/types\/page"}],"author":[{"embeddable":true,"href":"https:\/\/komisjaarcheologiipoznan.pan.pl\/index.php?rest_route=\/wp\/v2\/users\/2"}],"replies":[{"embeddable":true,"href":"https:\/\/komisjaarcheologiipoznan.pan.pl\/index.php?rest_route=%2Fwp%2Fv2%2Fcomments&post=158"}],"version-history":[{"count":20,"href":"https:\/\/komisjaarcheologiipoznan.pan.pl\/index.php?rest_route=\/wp\/v2\/pages\/158\/revisions"}],"predecessor-version":[{"id":631,"href":"https:\/\/komisjaarcheologiipoznan.pan.pl\/index.php?rest_route=\/wp\/v2\/pages\/158\/revisions\/631"}],"wp:attachment":[{"href":"https:\/\/komisjaarcheologiipoznan.pan.pl\/index.php?rest_route=%2Fwp%2Fv2%2Fmedia&parent=158"}],"curies":[{"name":"wp","href":"https:\/\/api.w.org\/{rel}","templated":true}]}}