{"id":139,"date":"2020-07-21T12:50:44","date_gmt":"2020-07-21T12:50:44","guid":{"rendered":"http:\/\/komisjaarcheologii.poznan.pan.pl\/?page_id=139"},"modified":"2025-04-16T08:45:19","modified_gmt":"2025-04-16T08:45:19","slug":"zgloszenia","status":"publish","type":"page","link":"https:\/\/komisjaarcheologiipoznan.pan.pl\/?page_id=139","title":{"rendered":"Zg\u0142oszenia"},"content":{"rendered":"\n<p class=\"has-black-color has-text-color\">Prosimy o przes\u0142anie propozycji 20-minutowych referat\u00f3w wraz z poni\u017cszymi informacjami drog\u0105 elektroniczn\u0105 na adres: <a href=\"mailto:mpawleta@amu.edu.pl\">ebugaj@amu.edu.pl<\/a><\/p>\n\n\n\n<div class=\"wp-block-columns is-layout-flex wp-container-core-columns-is-layout-1 wp-block-columns-is-layout-flex\">\n<div class=\"wp-block-column is-layout-flow wp-block-column-is-layout-flow\">\n<p class=\"has-black-color has-text-color\"><strong><mark style=\"background-color:rgba(0, 0, 0, 0);color:#0a3354\" class=\"has-inline-color\">Zg\u0142oszenie powinno zawiera\u0107:<\/mark><\/strong><br><\/p>\n\n\n\n<ul class=\"wp-block-list has-black-color has-text-color\">\n<li>imi\u0119 i nazwisko autora (lub autor\u00f3w),<\/li>\n\n\n\n<li>afiliacj\u0119,<\/li>\n\n\n\n<li>adres e-mail,<\/li>\n\n\n\n<li>adres pocztowy do korespondencji,<\/li>\n\n\n\n<li>tytu\u0142 artyku\u0142u,<\/li>\n\n\n\n<li>streszczenie artyku\u0142u (od 450 do maksymalnie 500 s\u0142\u00f3w).<\/li>\n<\/ul>\n<\/div>\n\n\n\n<div class=\"wp-block-column is-layout-flow wp-block-column-is-layout-flow\">\n<figure class=\"wp-block-image size-full\"><img loading=\"lazy\" decoding=\"async\" width=\"1280\" height=\"720\" src=\"https:\/\/komisjaarcheologiipoznan.pan.pl\/wp-content\/uploads\/2025\/04\/baner_arch_glowna_1a.png\" alt=\"\" class=\"wp-image-609\" srcset=\"https:\/\/komisjaarcheologiipoznan.pan.pl\/wp-content\/uploads\/2025\/04\/baner_arch_glowna_1a.png 1280w, https:\/\/komisjaarcheologiipoznan.pan.pl\/wp-content\/uploads\/2025\/04\/baner_arch_glowna_1a-300x169.png 300w, https:\/\/komisjaarcheologiipoznan.pan.pl\/wp-content\/uploads\/2025\/04\/baner_arch_glowna_1a-1024x576.png 1024w, https:\/\/komisjaarcheologiipoznan.pan.pl\/wp-content\/uploads\/2025\/04\/baner_arch_glowna_1a-768x432.png 768w\" sizes=\"auto, (max-width: 1280px) 100vw, 1280px\" \/><\/figure>\n<\/div>\n<\/div>\n\n\n\n<p class=\"has-black-color has-text-color\">Termin przesy\u0142ania zg\u0142osze\u0144:<strong> 31 lipca 2025 r.<\/strong> Decyzja o przyj\u0119ciu zg\u0142oszenia zostanie Pa\u0144stwu przes\u0142ana drog\u0105 e-mailow\u0105 do dnia <strong>15 wrze\u015bnia 2025 r.<\/strong><\/p>\n\n\n\n<div class=\"wp-block-columns is-layout-flex wp-container-core-columns-is-layout-2 wp-block-columns-is-layout-flex\">\n<div class=\"wp-block-column is-vertically-aligned-center is-layout-flow wp-block-column-is-layout-flow\">\n<p class=\"has-black-color has-text-color\"><strong>J\u0119zykiem obrad b\u0119dzie j\u0119zyk polski.<\/strong><\/p>\n<\/div>\n<\/div>\n\n\n\n<p class=\"has-black-color has-text-color\"><\/p>\n","protected":false},"excerpt":{"rendered":"<p>Prosimy o przes\u0142anie propozycji 20-minutowych referat\u00f3w wraz z poni\u017cszymi informacjami drog\u0105 elektroniczn\u0105 na adres: ebugaj@amu.edu.pl Zg\u0142oszenie powinno zawiera\u0107: Termin przesy\u0142ania zg\u0142osze\u0144: 31 lipca 2025 r. Decyzja o przyj\u0119ciu zg\u0142oszenia zostanie Pa\u0144stwu przes\u0142ana drog\u0105 e-mailow\u0105 do dnia 15 wrze\u015bnia 2025 r. J\u0119zykiem obrad b\u0119dzie j\u0119zyk polski.<\/p>\n","protected":false},"author":2,"featured_media":0,"parent":0,"menu_order":0,"comment_status":"closed","ping_status":"closed","template":"","meta":{"zakra_sidebar_layout":"customizer","zakra_remove_content_margin":false,"zakra_sidebar":"customizer","zakra_transparent_header":"customizer","zakra_logo":0,"zakra_main_header_style":"default","zakra_menu_item_color":"","zakra_menu_item_hover_color":"","zakra_menu_item_active_color":"","zakra_menu_active_style":"","zakra_page_header":false,"footnotes":""},"class_list":["post-139","page","type-page","status-publish","hentry"],"_links":{"self":[{"href":"https:\/\/komisjaarcheologiipoznan.pan.pl\/index.php?rest_route=\/wp\/v2\/pages\/139","targetHints":{"allow":["GET"]}}],"collection":[{"href":"https:\/\/komisjaarcheologiipoznan.pan.pl\/index.php?rest_route=\/wp\/v2\/pages"}],"about":[{"href":"https:\/\/komisjaarcheologiipoznan.pan.pl\/index.php?rest_route=\/wp\/v2\/types\/page"}],"author":[{"embeddable":true,"href":"https:\/\/komisjaarcheologiipoznan.pan.pl\/index.php?rest_route=\/wp\/v2\/users\/2"}],"replies":[{"embeddable":true,"href":"https:\/\/komisjaarcheologiipoznan.pan.pl\/index.php?rest_route=%2Fwp%2Fv2%2Fcomments&post=139"}],"version-history":[{"count":25,"href":"https:\/\/komisjaarcheologiipoznan.pan.pl\/index.php?rest_route=\/wp\/v2\/pages\/139\/revisions"}],"predecessor-version":[{"id":618,"href":"https:\/\/komisjaarcheologiipoznan.pan.pl\/index.php?rest_route=\/wp\/v2\/pages\/139\/revisions\/618"}],"wp:attachment":[{"href":"https:\/\/komisjaarcheologiipoznan.pan.pl\/index.php?rest_route=%2Fwp%2Fv2%2Fmedia&parent=139"}],"curies":[{"name":"wp","href":"https:\/\/api.w.org\/{rel}","templated":true}]}}